{"id":33,"date":"2020-01-12T16:53:50","date_gmt":"2020-01-12T16:53:50","guid":{"rendered":"https:\/\/www.basale-stimulation.info\/?page_id=33"},"modified":"2024-02-20T12:22:49","modified_gmt":"2024-02-20T12:22:49","slug":"uber-mich","status":"publish","type":"page","link":"https:\/\/www.buehnen-praesenz.de\/index.php\/uber-mich\/","title":{"rendered":"\u00dcber mich"},"content":{"rendered":"\n<p>Mein Name ist Clemens Tewinkel. Geboren wurde ich 1970 in K\u00f6ln. Ich\n habe um 1990 herum zusammen mit einigen Klassenkameraden das A Cappella\n Ensemble WISE GUYS gegr\u00fcndet, in dem ich bis Ende 2008 mitgesungen \nhabe. In dieser Zeit habe ich in weit \u00fcber 1000 Shows vor \u00fcber einer \nMillionen Zuschauern gesungen.<\/p>\n\n\n\n<p>Ich habe an der Hochschule f\u00fcr Musik und Tanz in K\u00f6ln Schulmusik f\u00fcr \ndie Sekundarstufe I und II studiert (Hauptfach: Posaune). Au\u00dferdem habe \nich an der Uni K\u00f6ln Physik und Mathematik und an der Fernuni Hagen \nInformatik studiert. Bis auf Mathe habe ich auch alles abgeschlossen.<\/p>\n\n\n\n<p>Seit vielen Jahren bin ich neben meiner T\u00e4tigkeit als Coach Juror u.a. bei den folgenden Wettbewerben:<\/p>\n\n\n\n<ul class=\"wp-block-list\"><li>Jugend Kulturell (Wettbewerb der Unicredit Bank)<\/li><li>Bundeswettbewerb Klassenmusizieren<\/li><li>Sing and Swing<\/li><li>Landeschorwettbewerb NRW<\/li><\/ul>\n\n\n\n<p>Hauptberuflich arbeite ich bei der K\u00f6lner Firma infodas im Bereich &#8222;Research and Development&#8220;. Wir bauen IT-Hochsicherheitsl\u00f6sungen f\u00fcr das Milit\u00e4r und die Nachrichtendienste.<\/p>\n\n\n\n<p>Ich hatte das gro\u00dfe Gl\u00fcck, zweimal in meinem Leben ein Hobby zu \nmeinem Beruf machen zu k\u00f6nnen. Neben der Musik begeistere ich mich f\u00fcr \nfreie Software und Software-Entwicklung.<\/p>\n\n\n\n<p>Mit meiner Frau und meinen drei Kindern lebe ich im sch\u00f6nen Odenthal in der N\u00e4he von K\u00f6ln.<\/p>\n","protected":false},"excerpt":{"rendered":"<p>Mein Name ist Clemens Tewinkel. Geboren wurde ich 1970 in K\u00f6ln. Ich habe um 1990 herum zusammen mit einigen Klassenkameraden das A Cappella Ensemble WISE GUYS gegr\u00fcndet, in dem ich bis Ende 2008 mitgesungen habe. In dieser Zeit habe ich in weit \u00fcber 1000 Shows vor \u00fcber einer Millionen Zuschauern gesungen. Ich habe an der &hellip; <a href=\"https:\/\/www.buehnen-praesenz.de\/index.php\/uber-mich\/\" class=\"more-link\"><span class=\"screen-reader-text\">\u201e\u00dcber mich\u201c<\/span> weiterlesen<\/a><\/p>\n","protected":false},"author":1,"featured_media":0,"parent":0,"menu_order":0,"comment_status":"closed","ping_status":"closed","template":"","meta":{"footnotes":""},"class_list":["post-33","page","type-page","status-publish","hentry"],"_links":{"self":[{"href":"https:\/\/www.buehnen-praesenz.de\/index.php\/wp-json\/wp\/v2\/pages\/33","targetHints":{"allow":["GET"]}}],"collection":[{"href":"https:\/\/www.buehnen-praesenz.de\/index.php\/wp-json\/wp\/v2\/pages"}],"about":[{"href":"https:\/\/www.buehnen-praesenz.de\/index.php\/wp-json\/wp\/v2\/types\/page"}],"author":[{"embeddable":true,"href":"https:\/\/www.buehnen-praesenz.de\/index.php\/wp-json\/wp\/v2\/users\/1"}],"replies":[{"embeddable":true,"href":"https:\/\/www.buehnen-praesenz.de\/index.php\/wp-json\/wp\/v2\/comments?post=33"}],"version-history":[{"count":2,"href":"https:\/\/www.buehnen-praesenz.de\/index.php\/wp-json\/wp\/v2\/pages\/33\/revisions"}],"predecessor-version":[{"id":62,"href":"https:\/\/www.buehnen-praesenz.de\/index.php\/wp-json\/wp\/v2\/pages\/33\/revisions\/62"}],"wp:attachment":[{"href":"https:\/\/www.buehnen-praesenz.de\/index.php\/wp-json\/wp\/v2\/media?parent=33"}],"curies":[{"name":"wp","href":"https:\/\/api.w.org\/{rel}","templated":true}]}}