{"id":38,"date":"2020-01-12T16:56:19","date_gmt":"2020-01-12T16:56:19","guid":{"rendered":"https:\/\/www.basale-stimulation.info\/?page_id=38"},"modified":"2025-06-16T13:41:46","modified_gmt":"2025-06-16T13:41:46","slug":"impressum","status":"publish","type":"page","link":"https:\/\/www.buehnen-praesenz.de\/index.php\/impressum\/","title":{"rendered":"Impressum"},"content":{"rendered":"\n<p><strong>Adresse:&nbsp;<\/strong><br>\nClemens Tewinkel<br>\nGeschwister-Scholl-Weg 5<br>\n51519 Odenthal<\/p>\n\n\n\n<p><strong>Telefon:<\/strong><br> +49 151 41468542<\/p>\n\n\n\n<p><strong>Inhaltlich Verantwortlicher gem\u00e4\u00df \u00a7 6 MDStV:<\/strong><br>\nClemens Tewinkel<\/p>\n\n\n\n<p><strong>Haftungshinweis:<\/strong><br>\nTrotz sorgf\u00e4ltiger inhaltlicher Kontrolle \u00fcbernehmen wir keine Haftung \nf\u00fcr die Inhalte externer Links. F\u00fcr den Inhalt der verlinkten Seiten \nsind ausschlie\u00dflich deren Betreiber verantwortlich. Eingetragene Marken \nund Logos geh\u00f6ren ihren jeweiligen Besitzern. Die Haftung f\u00fcr diese \nWebsite ist auf grobe Fahrl\u00e4ssigkeit beschr\u00e4nkt.<\/p>\n","protected":false},"excerpt":{"rendered":"<p>Adresse:&nbsp; Clemens Tewinkel Geschwister-Scholl-Weg 5 51519 Odenthal Telefon: +49 151 41468542 Inhaltlich Verantwortlicher gem\u00e4\u00df \u00a7 6 MDStV: Clemens Tewinkel Haftungshinweis: Trotz sorgf\u00e4ltiger inhaltlicher Kontrolle \u00fcbernehmen wir keine Haftung f\u00fcr die Inhalte externer Links. F\u00fcr den Inhalt der verlinkten Seiten sind ausschlie\u00dflich deren Betreiber verantwortlich. Eingetragene Marken und Logos geh\u00f6ren ihren jeweiligen Besitzern. Die Haftung f\u00fcr &hellip; <a href=\"https:\/\/www.buehnen-praesenz.de\/index.php\/impressum\/\" class=\"more-link\"><span class=\"screen-reader-text\">\u201eImpressum\u201c<\/span> weiterlesen<\/a><\/p>\n","protected":false},"author":1,"featured_media":0,"parent":0,"menu_order":0,"comment_status":"closed","ping_status":"closed","template":"","meta":{"footnotes":""},"class_list":["post-38","page","type-page","status-publish","hentry"],"_links":{"self":[{"href":"https:\/\/www.buehnen-praesenz.de\/index.php\/wp-json\/wp\/v2\/pages\/38","targetHints":{"allow":["GET"]}}],"collection":[{"href":"https:\/\/www.buehnen-praesenz.de\/index.php\/wp-json\/wp\/v2\/pages"}],"about":[{"href":"https:\/\/www.buehnen-praesenz.de\/index.php\/wp-json\/wp\/v2\/types\/page"}],"author":[{"embeddable":true,"href":"https:\/\/www.buehnen-praesenz.de\/index.php\/wp-json\/wp\/v2\/users\/1"}],"replies":[{"embeddable":true,"href":"https:\/\/www.buehnen-praesenz.de\/index.php\/wp-json\/wp\/v2\/comments?post=38"}],"version-history":[{"count":2,"href":"https:\/\/www.buehnen-praesenz.de\/index.php\/wp-json\/wp\/v2\/pages\/38\/revisions"}],"predecessor-version":[{"id":79,"href":"https:\/\/www.buehnen-praesenz.de\/index.php\/wp-json\/wp\/v2\/pages\/38\/revisions\/79"}],"wp:attachment":[{"href":"https:\/\/www.buehnen-praesenz.de\/index.php\/wp-json\/wp\/v2\/media?parent=38"}],"curies":[{"name":"wp","href":"https:\/\/api.w.org\/{rel}","templated":true}]}}