{"id":6,"date":"2020-01-12T16:41:57","date_gmt":"2020-01-12T16:41:57","guid":{"rendered":"https:\/\/www.basale-stimulation.info\/?page_id=6"},"modified":"2025-06-16T13:40:34","modified_gmt":"2025-06-16T13:40:34","slug":"about","status":"publish","type":"page","link":"https:\/\/www.buehnen-praesenz.de\/","title":{"rendered":"Willkommen"},"content":{"rendered":"\n<p>Sch\u00f6n, dass Sie sich f\u00fcr das Thema B\u00fchnen-Pr\u00e4senz  interessieren. Als Mitglied der bekannten A-Cappella-Formation WISE GUYS  habe ich bis 2009 in \u00fcber 15 Jahren sehr viel Erfahrung auf diesem  Gebiet gesammelt und in den letzten Jahren damit begonnen, diese  Erfahrungen an andere in Workshops weiterzugeben.<\/p>\n\n\n\n<p>Diese Workshops sind f\u00fcr mich ein Hobby neben meinem\n normalen Beruf. Ich arbeite mit Ch\u00f6ren und kleineren Ensembles. Ein \nWorkshop dauert zwischen 4 und 8 Stunden und kostet \u2013 je nach Entfernung\n und Aufwand \u2013 zwischen 400,- und 1200,- \u20ac.<\/p>\n\n\n\n<p>Bei Interesse einfach an\u00a0<a href=\"mailto:clemens.tewinkel@gmail.com\">clemens.tewinkel@gmail.com mailen<\/a>\u00a0(<strong>Achtung: Die Adresse info@buehnen-praesenz.de existiert nicht mehr<\/strong>), anrufen (0151 4146 8542) \u00a0oder das <a href=\"http:\/\/78.47.64.251\/index.php\/feedback\/\">Feedback<\/a> anderer Ch\u00f6re und Ensembles lesen.<\/p>\n","protected":false},"excerpt":{"rendered":"<p>Sch\u00f6n, dass Sie sich f\u00fcr das Thema B\u00fchnen-Pr\u00e4senz interessieren. Als Mitglied der bekannten A-Cappella-Formation WISE GUYS habe ich bis 2009 in \u00fcber 15 Jahren sehr viel Erfahrung auf diesem Gebiet gesammelt und in den letzten Jahren damit begonnen, diese Erfahrungen an andere in Workshops weiterzugeben. Diese Workshops sind f\u00fcr mich ein Hobby neben meinem normalen &hellip; <a href=\"https:\/\/www.buehnen-praesenz.de\/\" class=\"more-link\"><span class=\"screen-reader-text\">\u201eWillkommen\u201c<\/span> weiterlesen<\/a><\/p>\n","protected":false},"author":1,"featured_media":0,"parent":0,"menu_order":0,"comment_status":"closed","ping_status":"closed","template":"","meta":{"footnotes":""},"class_list":["post-6","page","type-page","status-publish","hentry"],"_links":{"self":[{"href":"https:\/\/www.buehnen-praesenz.de\/index.php\/wp-json\/wp\/v2\/pages\/6","targetHints":{"allow":["GET"]}}],"collection":[{"href":"https:\/\/www.buehnen-praesenz.de\/index.php\/wp-json\/wp\/v2\/pages"}],"about":[{"href":"https:\/\/www.buehnen-praesenz.de\/index.php\/wp-json\/wp\/v2\/types\/page"}],"author":[{"embeddable":true,"href":"https:\/\/www.buehnen-praesenz.de\/index.php\/wp-json\/wp\/v2\/users\/1"}],"replies":[{"embeddable":true,"href":"https:\/\/www.buehnen-praesenz.de\/index.php\/wp-json\/wp\/v2\/comments?post=6"}],"version-history":[{"count":4,"href":"https:\/\/www.buehnen-praesenz.de\/index.php\/wp-json\/wp\/v2\/pages\/6\/revisions"}],"predecessor-version":[{"id":78,"href":"https:\/\/www.buehnen-praesenz.de\/index.php\/wp-json\/wp\/v2\/pages\/6\/revisions\/78"}],"wp:attachment":[{"href":"https:\/\/www.buehnen-praesenz.de\/index.php\/wp-json\/wp\/v2\/media?parent=6"}],"curies":[{"name":"wp","href":"https:\/\/api.w.org\/{rel}","templated":true}]}}